{"id":10419,"date":"2025-04-01T10:13:01","date_gmt":"2025-04-01T08:13:01","guid":{"rendered":"https:\/\/neuro-ortho.at\/de\/?page_id=10419"},"modified":"2025-04-01T10:13:02","modified_gmt":"2025-04-01T08:13:02","slug":"impressum","status":"publish","type":"page","link":"https:\/\/neuro-ortho.at\/de\/impressum\/","title":{"rendered":"Impressum"},"content":{"rendered":"\n<h2 class=\"wp-block-heading\">Angaben gem\u00e4\u00df \u00a7 14 Unternehmensgesetzbuch (UGB) und \u00a7 25 Mediengesetz (MedienG):<\/h2>\n\n\n\n<p><strong>Dr. med. Thomas Jazbec<\/strong><br>Facharzt f\u00fcr Orthop\u00e4die, Orthop\u00e4dische Chirurgie und Neurochirurgie<br><a href=\"https:\/\/maps.app.goo.gl\/HU2J9Bt6fB1aZ5MSA\">K\u00f6rnerstra\u00dfe 9\/2<\/a><br><a href=\"https:\/\/maps.app.goo.gl\/HU2J9Bt6fB1aZ5MSA\">6020 Innsbruck<\/a><br>\u00d6sterreich<\/p>\n\n\n\n<p><strong>Telefon:<\/strong> <a href=\"tel:+43 664 1836 242\">+43 664 1836 242<\/a><br><strong>E-Mail:<\/strong> <a href=\"mailto: ordination@neuro-ortho.at\">ordination@neuro-ortho.at<\/a><br><strong>Website:<\/strong> <a class=\"\" href=\"https:\/\/neuro-ortho.at\">https:\/\/neuro-ortho.at<\/a><\/p>\n\n\n\n<h2 class=\"wp-block-heading\">Berufsrechtliche Angaben<\/h2>\n\n\n\n<p><strong>Zust\u00e4ndige Kammer:<\/strong> \u00c4rztekammer f\u00fcr Tirol<\/p>\n\n\n\n<p><strong>Berufsrechtliche Vorschriften:<\/strong> \u00c4rztegesetz 1998 (<a class=\"\">www.ris.bka.gv.at<\/a>)<\/p>\n\n\n\n<p><strong>Aufsichtsbeh\u00f6rde:<\/strong> [Gesundheitsbeh\u00f6rde oder zust\u00e4ndiges Magistrat]<\/p>\n\n\n\n<h2 class=\"wp-block-heading\">Haftungsausschluss<\/h2>\n\n\n\n<p>Die Inhalte dieser Website dienen ausschlie\u00dflich der Information und ersetzen keine medizinische Beratung. F\u00fcr die Richtigkeit, Vollst\u00e4ndigkeit und Aktualit\u00e4t der Inhalte wird keine Gew\u00e4hr \u00fcbernommen.<\/p>\n\n\n\n<h2 class=\"wp-block-heading\">Urheberrecht<\/h2>\n\n\n\n<p>Alle Inhalte dieser Website, einschlie\u00dflich Texte und Bilder, unterliegen dem Urheberrecht. Eine Verwendung ist nur mit ausdr\u00fccklicher Genehmigung gestattet.<\/p>\n\n\n\n<p><\/p>\n","protected":false},"excerpt":{"rendered":"<p>Angaben gem\u00e4\u00df \u00a7 14 Unternehmensgesetzbuch (UGB) und \u00a7 25 Mediengesetz (MedienG): Dr. med. Thomas JazbecFacharzt f\u00fcr Orthop\u00e4die, Orthop\u00e4dische Chirurgie und NeurochirurgieK\u00f6rnerstra\u00dfe 9\/26020 Innsbruck\u00d6sterreich Telefon: +43 664 1836 242E-Mail: ordination@neuro-ortho.atWebsite: https:\/\/neuro-ortho.at Berufsrechtliche Angaben Zust\u00e4ndige Kammer: \u00c4rztekammer f\u00fcr Tirol Berufsrechtliche Vorschriften: \u00c4rztegesetz [&hellip;]<\/p>\n","protected":false},"author":1,"featured_media":0,"parent":0,"menu_order":0,"comment_status":"closed","ping_status":"open","template":"","meta":{"footnotes":""},"class_list":["post-10419","page","type-page","status-publish","hentry"],"yoast_head":"<!-- This site is optimized with the Yoast SEO plugin v25.7 - https:\/\/yoast.com\/wordpress\/plugins\/seo\/ -->\n<title>Impressum - NEURO ORTHO - Dr. Thomas Jazbec - Sportmedizinische Wahlarztpraxis f\u00fcr Orthop\u00e4die, Orthop\u00e4dische Chirurgie und Neurochirurgie<\/title>\n<meta name=\"robots\" content=\"index, follow, max-snippet:-1, max-image-preview:large, max-video-preview:-1\" \/>\n<link rel=\"canonical\" href=\"https:\/\/neuro-ortho.at\/de\/impressum\/\" \/>\n<meta property=\"og:locale\" content=\"de_DE\" \/>\n<meta property=\"og:type\" content=\"article\" \/>\n<meta property=\"og:title\" content=\"Impressum - NEURO ORTHO - Dr. Thomas Jazbec - Sportmedizinische Wahlarztpraxis f\u00fcr Orthop\u00e4die, Orthop\u00e4dische Chirurgie und Neurochirurgie\" \/>\n<meta property=\"og:description\" content=\"Angaben gem\u00e4\u00df \u00a7 14 Unternehmensgesetzbuch (UGB) und \u00a7 25 Mediengesetz (MedienG): Dr. med. Thomas JazbecFacharzt f\u00fcr Orthop\u00e4die, Orthop\u00e4dische Chirurgie und NeurochirurgieK\u00f6rnerstra\u00dfe 9\/26020 Innsbruck\u00d6sterreich Telefon: +43 664 1836 242E-Mail: ordination@neuro-ortho.atWebsite: https:\/\/neuro-ortho.at Berufsrechtliche Angaben Zust\u00e4ndige Kammer: \u00c4rztekammer f\u00fcr Tirol Berufsrechtliche Vorschriften: \u00c4rztegesetz [&hellip;]\" \/>\n<meta property=\"og:url\" content=\"https:\/\/neuro-ortho.at\/de\/impressum\/\" \/>\n<meta property=\"og:site_name\" content=\"NEURO ORTHO - Dr. Thomas Jazbec - Sportmedizinische Wahlarztpraxis f\u00fcr Orthop\u00e4die, Orthop\u00e4dische Chirurgie und Neurochirurgie\" \/>\n<meta property=\"article:publisher\" content=\"https:\/\/www.facebook.com\/neuro.ortho.at\" \/>\n<meta property=\"article:modified_time\" content=\"2025-04-01T08:13:02+00:00\" \/>\n<meta name=\"twitter:card\" content=\"summary_large_image\" \/>\n<meta name=\"twitter:label1\" content=\"Gesch\u00e4tzte Lesezeit\" \/>\n\t<meta name=\"twitter:data1\" content=\"1 Minute\" \/>\n<script type=\"application\/ld+json\" class=\"yoast-schema-graph\">{\"@context\":\"https:\/\/schema.org\",\"@graph\":[{\"@type\":\"WebPage\",\"@id\":\"https:\/\/neuro-ortho.at\/de\/impressum\/\",\"url\":\"https:\/\/neuro-ortho.at\/de\/impressum\/\",\"name\":\"Impressum - NEURO ORTHO - Dr. Thomas Jazbec - Sportmedizinische Wahlarztpraxis f\u00fcr Orthop\u00e4die, Orthop\u00e4dische Chirurgie und Neurochirurgie\",\"isPartOf\":{\"@id\":\"https:\/\/neuro-ortho.at\/de\/#website\"},\"datePublished\":\"2025-04-01T08:13:01+00:00\",\"dateModified\":\"2025-04-01T08:13:02+00:00\",\"breadcrumb\":{\"@id\":\"https:\/\/neuro-ortho.at\/de\/impressum\/#breadcrumb\"},\"inLanguage\":\"de-AT\",\"potentialAction\":[{\"@type\":\"ReadAction\",\"target\":[\"https:\/\/neuro-ortho.at\/de\/impressum\/\"]}]},{\"@type\":\"BreadcrumbList\",\"@id\":\"https:\/\/neuro-ortho.at\/de\/impressum\/#breadcrumb\",\"itemListElement\":[{\"@type\":\"ListItem\",\"position\":1,\"name\":\"Startseite\",\"item\":\"https:\/\/neuro-ortho.at\/de\/\"},{\"@type\":\"ListItem\",\"position\":2,\"name\":\"Impressum\"}]},{\"@type\":\"WebSite\",\"@id\":\"https:\/\/neuro-ortho.at\/de\/#website\",\"url\":\"https:\/\/neuro-ortho.at\/de\/\",\"name\":\"NEURO ORTHO - Dr. Thomas Jazbec - Sportmedizinische Wahlarztpraxis f\u00fcr Orthop\u00e4die, Orthop\u00e4dische Chirurgie und Neurochirurgie\",\"description\":\"Dr. Jazbec Jazbec - Sportmedizinische Wahlarztpraxis f\u00fcr Orthop\u00e4die, Orthop\u00e4dische Chirurgie und Neurochirurgie  - ehem. Wahlarztpraxis Dr.med.univ Lotz Andreas\",\"publisher\":{\"@id\":\"https:\/\/neuro-ortho.at\/de\/#organization\"},\"potentialAction\":[{\"@type\":\"SearchAction\",\"target\":{\"@type\":\"EntryPoint\",\"urlTemplate\":\"https:\/\/neuro-ortho.at\/de\/?s={search_term_string}\"},\"query-input\":{\"@type\":\"PropertyValueSpecification\",\"valueRequired\":true,\"valueName\":\"search_term_string\"}}],\"inLanguage\":\"de-AT\"},{\"@type\":\"Organization\",\"@id\":\"https:\/\/neuro-ortho.at\/de\/#organization\",\"name\":\"NEURO ORTHO - Dr. Thomas Jazbec - Sportmedizinische Wahlarztpraxis f\u00fcr Orthop\u00e4die, Orthop\u00e4dische Chirurgie und Neurochirurgie\",\"url\":\"https:\/\/neuro-ortho.at\/de\/\",\"logo\":{\"@type\":\"ImageObject\",\"inLanguage\":\"de-AT\",\"@id\":\"https:\/\/neuro-ortho.at\/de\/#\/schema\/logo\/image\/\",\"url\":\"https:\/\/neuro-ortho.at\/de\/wp-content\/uploads\/2020\/12\/neuro_ortho_logo_4c_500px.png\",\"contentUrl\":\"https:\/\/neuro-ortho.at\/de\/wp-content\/uploads\/2020\/12\/neuro_ortho_logo_4c_500px.png\",\"width\":500,\"height\":123,\"caption\":\"NEURO ORTHO - Dr. Thomas Jazbec - Sportmedizinische Wahlarztpraxis f\u00fcr Orthop\u00e4die, Orthop\u00e4dische Chirurgie und Neurochirurgie\"},\"image\":{\"@id\":\"https:\/\/neuro-ortho.at\/de\/#\/schema\/logo\/image\/\"},\"sameAs\":[\"https:\/\/www.facebook.com\/neuro.ortho.at\",\"https:\/\/www.instagram.com\/neuro.ortho\/\"]}]}<\/script>\n<!-- \/ Yoast SEO plugin. -->","yoast_head_json":{"title":"Impressum - NEURO ORTHO - Dr. Thomas Jazbec - Sportmedizinische Wahlarztpraxis f\u00fcr Orthop\u00e4die, Orthop\u00e4dische Chirurgie und Neurochirurgie","robots":{"index":"index","follow":"follow","max-snippet":"max-snippet:-1","max-image-preview":"max-image-preview:large","max-video-preview":"max-video-preview:-1"},"canonical":"https:\/\/neuro-ortho.at\/de\/impressum\/","og_locale":"de_DE","og_type":"article","og_title":"Impressum - NEURO ORTHO - Dr. Thomas Jazbec - Sportmedizinische Wahlarztpraxis f\u00fcr Orthop\u00e4die, Orthop\u00e4dische Chirurgie und Neurochirurgie","og_description":"Angaben gem\u00e4\u00df \u00a7 14 Unternehmensgesetzbuch (UGB) und \u00a7 25 Mediengesetz (MedienG): Dr. med. Thomas JazbecFacharzt f\u00fcr Orthop\u00e4die, Orthop\u00e4dische Chirurgie und NeurochirurgieK\u00f6rnerstra\u00dfe 9\/26020 Innsbruck\u00d6sterreich Telefon: +43 664 1836 242E-Mail: ordination@neuro-ortho.atWebsite: https:\/\/neuro-ortho.at Berufsrechtliche Angaben Zust\u00e4ndige Kammer: \u00c4rztekammer f\u00fcr Tirol Berufsrechtliche Vorschriften: \u00c4rztegesetz [&hellip;]","og_url":"https:\/\/neuro-ortho.at\/de\/impressum\/","og_site_name":"NEURO ORTHO - Dr. Thomas Jazbec - Sportmedizinische Wahlarztpraxis f\u00fcr Orthop\u00e4die, Orthop\u00e4dische Chirurgie und Neurochirurgie","article_publisher":"https:\/\/www.facebook.com\/neuro.ortho.at","article_modified_time":"2025-04-01T08:13:02+00:00","twitter_card":"summary_large_image","twitter_misc":{"Gesch\u00e4tzte Lesezeit":"1 Minute"},"schema":{"@context":"https:\/\/schema.org","@graph":[{"@type":"WebPage","@id":"https:\/\/neuro-ortho.at\/de\/impressum\/","url":"https:\/\/neuro-ortho.at\/de\/impressum\/","name":"Impressum - NEURO ORTHO - Dr. Thomas Jazbec - Sportmedizinische Wahlarztpraxis f\u00fcr Orthop\u00e4die, Orthop\u00e4dische Chirurgie und Neurochirurgie","isPartOf":{"@id":"https:\/\/neuro-ortho.at\/de\/#website"},"datePublished":"2025-04-01T08:13:01+00:00","dateModified":"2025-04-01T08:13:02+00:00","breadcrumb":{"@id":"https:\/\/neuro-ortho.at\/de\/impressum\/#breadcrumb"},"inLanguage":"de-AT","potentialAction":[{"@type":"ReadAction","target":["https:\/\/neuro-ortho.at\/de\/impressum\/"]}]},{"@type":"BreadcrumbList","@id":"https:\/\/neuro-ortho.at\/de\/impressum\/#breadcrumb","itemListElement":[{"@type":"ListItem","position":1,"name":"Startseite","item":"https:\/\/neuro-ortho.at\/de\/"},{"@type":"ListItem","position":2,"name":"Impressum"}]},{"@type":"WebSite","@id":"https:\/\/neuro-ortho.at\/de\/#website","url":"https:\/\/neuro-ortho.at\/de\/","name":"NEURO ORTHO - Dr. Thomas Jazbec - Sportmedizinische Wahlarztpraxis f\u00fcr Orthop\u00e4die, Orthop\u00e4dische Chirurgie und Neurochirurgie","description":"Dr. Jazbec Jazbec - Sportmedizinische Wahlarztpraxis f\u00fcr Orthop\u00e4die, Orthop\u00e4dische Chirurgie und Neurochirurgie  - ehem. Wahlarztpraxis Dr.med.univ Lotz Andreas","publisher":{"@id":"https:\/\/neuro-ortho.at\/de\/#organization"},"potentialAction":[{"@type":"SearchAction","target":{"@type":"EntryPoint","urlTemplate":"https:\/\/neuro-ortho.at\/de\/?s={search_term_string}"},"query-input":{"@type":"PropertyValueSpecification","valueRequired":true,"valueName":"search_term_string"}}],"inLanguage":"de-AT"},{"@type":"Organization","@id":"https:\/\/neuro-ortho.at\/de\/#organization","name":"NEURO ORTHO - Dr. Thomas Jazbec - Sportmedizinische Wahlarztpraxis f\u00fcr Orthop\u00e4die, Orthop\u00e4dische Chirurgie und Neurochirurgie","url":"https:\/\/neuro-ortho.at\/de\/","logo":{"@type":"ImageObject","inLanguage":"de-AT","@id":"https:\/\/neuro-ortho.at\/de\/#\/schema\/logo\/image\/","url":"https:\/\/neuro-ortho.at\/de\/wp-content\/uploads\/2020\/12\/neuro_ortho_logo_4c_500px.png","contentUrl":"https:\/\/neuro-ortho.at\/de\/wp-content\/uploads\/2020\/12\/neuro_ortho_logo_4c_500px.png","width":500,"height":123,"caption":"NEURO ORTHO - Dr. Thomas Jazbec - Sportmedizinische Wahlarztpraxis f\u00fcr Orthop\u00e4die, Orthop\u00e4dische Chirurgie und Neurochirurgie"},"image":{"@id":"https:\/\/neuro-ortho.at\/de\/#\/schema\/logo\/image\/"},"sameAs":["https:\/\/www.facebook.com\/neuro.ortho.at","https:\/\/www.instagram.com\/neuro.ortho\/"]}]}},"_links":{"self":[{"href":"https:\/\/neuro-ortho.at\/de\/wp-json\/wp\/v2\/pages\/10419","targetHints":{"allow":["GET"]}}],"collection":[{"href":"https:\/\/neuro-ortho.at\/de\/wp-json\/wp\/v2\/pages"}],"about":[{"href":"https:\/\/neuro-ortho.at\/de\/wp-json\/wp\/v2\/types\/page"}],"author":[{"embeddable":true,"href":"https:\/\/neuro-ortho.at\/de\/wp-json\/wp\/v2\/users\/1"}],"replies":[{"embeddable":true,"href":"https:\/\/neuro-ortho.at\/de\/wp-json\/wp\/v2\/comments?post=10419"}],"version-history":[{"count":1,"href":"https:\/\/neuro-ortho.at\/de\/wp-json\/wp\/v2\/pages\/10419\/revisions"}],"predecessor-version":[{"id":10423,"href":"https:\/\/neuro-ortho.at\/de\/wp-json\/wp\/v2\/pages\/10419\/revisions\/10423"}],"wp:attachment":[{"href":"https:\/\/neuro-ortho.at\/de\/wp-json\/wp\/v2\/media?parent=10419"}],"curies":[{"name":"wp","href":"https:\/\/api.w.org\/{rel}","templated":true}]}}