{"id":6808,"date":"2017-04-21T11:48:59","date_gmt":"2017-04-21T11:48:59","guid":{"rendered":"http:\/\/mediclinic.mikado-themes.com\/?page_id=6808"},"modified":"2025-09-15T21:41:58","modified_gmt":"2025-09-15T19:41:58","slug":"our-services","status":"publish","type":"page","link":"https:\/\/neuro-ortho.at\/de\/our-services\/","title":{"rendered":"Die Leistungen"},"content":{"rendered":"<div class=\"wpb-content-wrapper\"><p>[vc_row row_content_width=&#8220;grid&#8220; css=&#8220;.vc_custom_1664365794940{margin-bottom: 50px !important;border-bottom-width: 50px !important;padding-bottom: 50px !important;}&#8220;][vc_column css=&#8220;.vc_custom_1653773829534{margin-top: 30px !important;margin-bottom: 30px !important;border-top-width: 30px !important;border-bottom-width: 30px !important;padding-top: 30px !important;padding-bottom: 30px !important;}&#8220;]<div class=\"mkdf-elements-holder mkdf-one-column mkdf-responsive-mode-768\" ><div class=\"mkdf-eh-item \"  data-item-class=\"mkdf-eh-custom-570187\" data-1280-1600=\"0px 15% 76px\" data-1024-1280=\"0px 10% 76px\" data-768-1024=\"0px 0% 76px\" data-600-768=\"0px 0% 76px\" data-480-600=\"0px 0% 76px\" data-480=\"0px 0% 76px\">\n\t<div class=\"mkdf-eh-item-inner\">\n\t\t<div class=\"mkdf-eh-item-content mkdf-eh-custom-570187\" style=\"padding: 0px 15% 76px\">\n\t\t\t<div class=\"mkdf-section-title-holder mkdf-st-standard mkdf-st-title-left mkdf-st-normal-space \" style=\"text-align: left\">\n\t<div class=\"mkdf-st-inner\">\n\t\t\t\t\t<h2 class=\"mkdf-st-title\" >\n\t\t\t\tUnsere Leistungen\t\t\t<\/h2>\n\t\t\t\t\t<\/div>\n<\/div>[vc_empty_space height=&#8220;50px&#8220;][vc_column_text css=&#8220;.vc_custom_1664366078151{margin-top: 50px !important;margin-bottom: 50px !important;border-bottom-width: 50px !important;padding-bottom: 50px !important;}&#8220;]<\/p>\n<h3 style=\"text-align: left;\">Schmerzfrei werden mit System:<\/h3>\n<p>[\/vc_column_text]<div class=\"mkdf-process-holder clearfix mkdf-process-holder-items-three mkdf-animate-process-items-no\">\n    <div class=\"mkdf-process-bg-holder\"><\/div>\n    <div class=\"mkdf-process-inner\">\n        \n<div class=\"mkdf-process-item-holder\">\n    <div class=\"mkdf-pi-holder-inner\">\n                <div class=\"mkdf-pi-content-holder\">\n            \n                    <\/div>\n    <\/div>\n<\/div>\n<div class=\"mkdf-process-item-holder\">\n    <div class=\"mkdf-pi-holder-inner\">\n                    <div class=\"mkdf-pi-icon-holder\" style=\"border-color:#81d742\">\n                <span class=\"mkdf-pi-icon\">\n                                                                    <\/span>\n                            <span class=\"mkdf-pi-number\" >\n                    1                <\/span>\n                        <\/div>\n                <div class=\"mkdf-pi-content-holder\">\n                            <div class=\"mkdf-pi-title-holder\">\n                    <h5 class=\"mkdf-pi-title\" >Stufe 1<\/h5>\n                <\/div>\n            \n                            <div class=\"mkdf-pi-text-holder\">\n                    <p >medizinische Diagnostik und Erstellen eines Therapieplans<\/p>\n                <\/div>\n                    <\/div>\n    <\/div>\n<\/div>\n<div class=\"mkdf-process-item-holder\">\n    <div class=\"mkdf-pi-holder-inner\">\n                    <div class=\"mkdf-pi-icon-holder\" style=\"border-color:#81d742\">\n                <span class=\"mkdf-pi-icon\">\n                                                                    <\/span>\n                            <span class=\"mkdf-pi-number\" >\n                    2                <\/span>\n                        <\/div>\n                <div class=\"mkdf-pi-content-holder\">\n                            <div class=\"mkdf-pi-title-holder\">\n                    <h5 class=\"mkdf-pi-title\" >Stufe 2<\/h5>\n                <\/div>\n            \n                            <div class=\"mkdf-pi-text-holder\">\n                    <p >gezielte Physiotherapie unter st\u00e4ndiger R\u00fccksprache mit dem Arzt<\/p>\n                <\/div>\n                    <\/div>\n    <\/div>\n<\/div>\n<div class=\"mkdf-process-item-holder\">\n    <div class=\"mkdf-pi-holder-inner\">\n                    <div class=\"mkdf-pi-icon-holder\" style=\"border-color:#81d742\">\n                <span class=\"mkdf-pi-icon\">\n                                                                    <\/span>\n                            <span class=\"mkdf-pi-number\" >\n                    3                <\/span>\n                        <\/div>\n                <div class=\"mkdf-pi-content-holder\">\n                            <div class=\"mkdf-pi-title-holder\">\n                    <h5 class=\"mkdf-pi-title\" >Stufe 3<\/h5>\n                <\/div>\n            \n                            <div class=\"mkdf-pi-text-holder\">\n                    <p >sportmedizinisches Training unter sportmedizinischer Kontrolle<\/p>\n                <\/div>\n                    <\/div>\n    <\/div>\n<\/div>    <\/div>\n<\/div>[vc_empty_space height=&#8220;50px&#8220;][vc_column_text css=&#8220;&#8220;]<\/p>\n<ul>\n<li><strong>kurzfristige Termine:<br \/>\n<\/strong>Wir bem\u00fchen uns, dass f\u00fcr Notf\u00e4lle immer ein paar Termine freigehalten werden<\/li>\n<\/ul>\n<p>&nbsp;<\/p>\n<ul>\n<li><strong>zeitnahe bildgebende Abkl\u00e4rung:<br \/>\n<\/strong>MRT Termine innerhalb weniger Tage<\/li>\n<\/ul>\n<p>&nbsp;<\/p>\n<ul>\n<li><strong>gewissenhafte professionelle Abkl\u00e4rung:<br \/>\n<\/strong>kaum Wartezeit in der Ordination, maximal 2 Patienten pro Stunde<\/li>\n<\/ul>\n<p>&nbsp;<\/p>\n<ul>\n<li><strong>ganzheitliche Medizin:<br \/>\n<\/strong>enge Zusammenarbeit mit erfahrenen \u00c4rzten, Physiotherapeuten, Heilmasseuren und Trainern, teilweise direkt vor Ort; Trainingssteuerung im Leistungssport und Breitensport, Sporttauglichkeitsuntersuchungen<\/li>\n<\/ul>\n<p>&nbsp;<\/p>\n<ul>\n<li><strong>operative Versorgung in Zusammenarbeit mit einem Team aus Chirurgen, die spezialisiert auf Ihr pers\u00f6nliches OP-Gebiet sind:<br \/>\n<\/strong>Durch die seltene Kombination der Facharztausbildungen in Orthop\u00e4die, orthop\u00e4dische Chirurgie und Neurochirurgie kann ich Ihnen eine sehr umfassende f\u00e4cher\u00fcbergreifende Diagnostik und Therapie anbieten. Ich stehe f\u00fcr objektive Beratung zu Operationsindikationen, Operationsverfahren und Therapien in beiden Fachgebieten.<\/li>\n<\/ul>\n<p>&nbsp;<\/p>\n<ul>\n<li><strong>konservative Therapie:<br \/>\n<\/strong>manuelle Therapie &amp; Chiropraktik, Infiltrationen, individuell angepasste orthop\u00e4dische Einlagen, Sto\u00dfwellentherapie, ACP \/ PRP (Eigenbluttherapie), Taping, Orthesen, Hyalurons\u00e4ure und Botox<\/li>\n<\/ul>\n<p>&nbsp;<\/p>\n<p><strong>Mein Grundprinzip lautet:\u201c Nur wenn ich mich selbst operieren lassen w\u00fcrde, rate ich meinen Patienten zur Operation!\u201c<\/strong><\/p>\n<ul>\n<li style=\"list-style-type: none;\">\n<ul>\n<li style=\"list-style-type: none;\">\n<ul>\n<li style=\"list-style-type: none;\">\n<ul>\n<li style=\"list-style-type: none;\">\n<ul>\n<li style=\"list-style-type: none;\"><\/li>\n<\/ul>\n<\/li>\n<\/ul>\n<\/li>\n<\/ul>\n<\/li>\n<\/ul>\n<\/li>\n<\/ul>\n<p>[\/vc_column_text]\t\t<\/div>\n\t<\/div>\n<\/div><\/div>[\/vc_column][\/vc_row][vc_row][vc_column][vc_column_text]<\/p>\n<p>[\/vc_column_text][\/vc_column][\/vc_row][vc_row][vc_column][vc_column_text]<\/p>\n<p>[\/vc_column_text][\/vc_column][\/vc_row]<\/p>\n<\/div>","protected":false},"excerpt":{"rendered":"<p>[vc_row row_content_width=&#8220;grid&#8220; css=&#8220;.vc_custom_1664365794940{margin-bottom: 50px !important;border-bottom-width: 50px !important;padding-bottom: 50px !important;}&#8220;][vc_column css=&#8220;.vc_custom_1653773829534{margin-top: 30px !important;margin-bottom: 30px !important;border-top-width: 30px !important;border-bottom-width: 30px !important;padding-top: 30px !important;padding-bottom: 30px !important;}&#8220;][\/vc_column][\/vc_row][vc_row][vc_column][vc_column_text] [\/vc_column_text][\/vc_column][\/vc_row][vc_row][vc_column][vc_column_text] [\/vc_column_text][\/vc_column][\/vc_row]<\/p>\n","protected":false},"author":1,"featured_media":0,"parent":0,"menu_order":0,"comment_status":"closed","ping_status":"closed","template":"full-width.php","meta":{"footnotes":""},"class_list":["post-6808","page","type-page","status-publish","hentry"],"yoast_head":"<!-- This site is optimized with the Yoast SEO plugin v25.7 - https:\/\/yoast.com\/wordpress\/plugins\/seo\/ -->\n<title>Die Leistungen - NEURO ORTHO - Dr. Thomas Jazbec - Sportmedizinische Wahlarztpraxis f\u00fcr Orthop\u00e4die, Orthop\u00e4dische Chirurgie und Neurochirurgie<\/title>\n<meta name=\"robots\" content=\"index, follow, max-snippet:-1, max-image-preview:large, max-video-preview:-1\" \/>\n<link rel=\"canonical\" href=\"https:\/\/neuro-ortho.at\/de\/our-services\/\" \/>\n<meta property=\"og:locale\" content=\"de_DE\" \/>\n<meta property=\"og:type\" content=\"article\" \/>\n<meta property=\"og:title\" content=\"Die Leistungen - NEURO ORTHO - Dr. Thomas Jazbec - Sportmedizinische Wahlarztpraxis f\u00fcr Orthop\u00e4die, Orthop\u00e4dische Chirurgie und Neurochirurgie\" \/>\n<meta property=\"og:description\" content=\"[vc_row row_content_width=&#8220;grid&#8220; css=&#8220;.vc_custom_1664365794940{margin-bottom: 50px !important;border-bottom-width: 50px !important;padding-bottom: 50px !important;}&#8220;][vc_column css=&#8220;.vc_custom_1653773829534{margin-top: 30px !important;margin-bottom: 30px !important;border-top-width: 30px !important;border-bottom-width: 30px !important;padding-top: 30px !important;padding-bottom: 30px !important;}&#8220;][\/vc_column][\/vc_row][vc_row][vc_column][vc_column_text] [\/vc_column_text][\/vc_column][\/vc_row][vc_row][vc_column][vc_column_text] [\/vc_column_text][\/vc_column][\/vc_row]\" \/>\n<meta property=\"og:url\" content=\"https:\/\/neuro-ortho.at\/de\/our-services\/\" \/>\n<meta property=\"og:site_name\" content=\"NEURO ORTHO - Dr. Thomas Jazbec - Sportmedizinische Wahlarztpraxis f\u00fcr Orthop\u00e4die, Orthop\u00e4dische Chirurgie und Neurochirurgie\" \/>\n<meta property=\"article:publisher\" content=\"https:\/\/www.facebook.com\/neuro.ortho.at\" \/>\n<meta property=\"article:modified_time\" content=\"2025-09-15T19:41:58+00:00\" \/>\n<meta name=\"twitter:card\" content=\"summary_large_image\" \/>\n<meta name=\"twitter:label1\" content=\"Gesch\u00e4tzte Lesezeit\" \/>\n\t<meta name=\"twitter:data1\" content=\"2 Minuten\" \/>\n<script type=\"application\/ld+json\" class=\"yoast-schema-graph\">{\"@context\":\"https:\/\/schema.org\",\"@graph\":[{\"@type\":\"WebPage\",\"@id\":\"https:\/\/neuro-ortho.at\/de\/our-services\/\",\"url\":\"https:\/\/neuro-ortho.at\/de\/our-services\/\",\"name\":\"Die Leistungen - NEURO ORTHO - Dr. Thomas Jazbec - Sportmedizinische Wahlarztpraxis f\u00fcr Orthop\u00e4die, Orthop\u00e4dische Chirurgie und Neurochirurgie\",\"isPartOf\":{\"@id\":\"https:\/\/neuro-ortho.at\/de\/#website\"},\"datePublished\":\"2017-04-21T11:48:59+00:00\",\"dateModified\":\"2025-09-15T19:41:58+00:00\",\"breadcrumb\":{\"@id\":\"https:\/\/neuro-ortho.at\/de\/our-services\/#breadcrumb\"},\"inLanguage\":\"de-AT\",\"potentialAction\":[{\"@type\":\"ReadAction\",\"target\":[\"https:\/\/neuro-ortho.at\/de\/our-services\/\"]}]},{\"@type\":\"BreadcrumbList\",\"@id\":\"https:\/\/neuro-ortho.at\/de\/our-services\/#breadcrumb\",\"itemListElement\":[{\"@type\":\"ListItem\",\"position\":1,\"name\":\"Startseite\",\"item\":\"https:\/\/neuro-ortho.at\/de\/\"},{\"@type\":\"ListItem\",\"position\":2,\"name\":\"Die Leistungen\"}]},{\"@type\":\"WebSite\",\"@id\":\"https:\/\/neuro-ortho.at\/de\/#website\",\"url\":\"https:\/\/neuro-ortho.at\/de\/\",\"name\":\"NEURO ORTHO - Dr. Thomas Jazbec - Sportmedizinische Wahlarztpraxis f\u00fcr Orthop\u00e4die, Orthop\u00e4dische Chirurgie und Neurochirurgie\",\"description\":\"Dr. Jazbec Jazbec - Sportmedizinische Wahlarztpraxis f\u00fcr Orthop\u00e4die, Orthop\u00e4dische Chirurgie und Neurochirurgie  - ehem. Wahlarztpraxis Dr.med.univ Lotz Andreas\",\"publisher\":{\"@id\":\"https:\/\/neuro-ortho.at\/de\/#organization\"},\"potentialAction\":[{\"@type\":\"SearchAction\",\"target\":{\"@type\":\"EntryPoint\",\"urlTemplate\":\"https:\/\/neuro-ortho.at\/de\/?s={search_term_string}\"},\"query-input\":{\"@type\":\"PropertyValueSpecification\",\"valueRequired\":true,\"valueName\":\"search_term_string\"}}],\"inLanguage\":\"de-AT\"},{\"@type\":\"Organization\",\"@id\":\"https:\/\/neuro-ortho.at\/de\/#organization\",\"name\":\"NEURO ORTHO - Dr. Thomas Jazbec - Sportmedizinische Wahlarztpraxis f\u00fcr Orthop\u00e4die, Orthop\u00e4dische Chirurgie und Neurochirurgie\",\"url\":\"https:\/\/neuro-ortho.at\/de\/\",\"logo\":{\"@type\":\"ImageObject\",\"inLanguage\":\"de-AT\",\"@id\":\"https:\/\/neuro-ortho.at\/de\/#\/schema\/logo\/image\/\",\"url\":\"https:\/\/neuro-ortho.at\/de\/wp-content\/uploads\/2020\/12\/neuro_ortho_logo_4c_500px.png\",\"contentUrl\":\"https:\/\/neuro-ortho.at\/de\/wp-content\/uploads\/2020\/12\/neuro_ortho_logo_4c_500px.png\",\"width\":500,\"height\":123,\"caption\":\"NEURO ORTHO - Dr. Thomas Jazbec - Sportmedizinische Wahlarztpraxis f\u00fcr Orthop\u00e4die, Orthop\u00e4dische Chirurgie und Neurochirurgie\"},\"image\":{\"@id\":\"https:\/\/neuro-ortho.at\/de\/#\/schema\/logo\/image\/\"},\"sameAs\":[\"https:\/\/www.facebook.com\/neuro.ortho.at\",\"https:\/\/www.instagram.com\/neuro.ortho\/\"]}]}<\/script>\n<!-- \/ Yoast SEO plugin. -->","yoast_head_json":{"title":"Die Leistungen - NEURO ORTHO - Dr. Thomas Jazbec - Sportmedizinische Wahlarztpraxis f\u00fcr Orthop\u00e4die, Orthop\u00e4dische Chirurgie und Neurochirurgie","robots":{"index":"index","follow":"follow","max-snippet":"max-snippet:-1","max-image-preview":"max-image-preview:large","max-video-preview":"max-video-preview:-1"},"canonical":"https:\/\/neuro-ortho.at\/de\/our-services\/","og_locale":"de_DE","og_type":"article","og_title":"Die Leistungen - NEURO ORTHO - Dr. Thomas Jazbec - Sportmedizinische Wahlarztpraxis f\u00fcr Orthop\u00e4die, Orthop\u00e4dische Chirurgie und Neurochirurgie","og_description":"[vc_row row_content_width=&#8220;grid&#8220; css=&#8220;.vc_custom_1664365794940{margin-bottom: 50px !important;border-bottom-width: 50px !important;padding-bottom: 50px !important;}&#8220;][vc_column css=&#8220;.vc_custom_1653773829534{margin-top: 30px !important;margin-bottom: 30px !important;border-top-width: 30px !important;border-bottom-width: 30px !important;padding-top: 30px !important;padding-bottom: 30px !important;}&#8220;][\/vc_column][\/vc_row][vc_row][vc_column][vc_column_text] [\/vc_column_text][\/vc_column][\/vc_row][vc_row][vc_column][vc_column_text] [\/vc_column_text][\/vc_column][\/vc_row]","og_url":"https:\/\/neuro-ortho.at\/de\/our-services\/","og_site_name":"NEURO ORTHO - Dr. Thomas Jazbec - Sportmedizinische Wahlarztpraxis f\u00fcr Orthop\u00e4die, Orthop\u00e4dische Chirurgie und Neurochirurgie","article_publisher":"https:\/\/www.facebook.com\/neuro.ortho.at","article_modified_time":"2025-09-15T19:41:58+00:00","twitter_card":"summary_large_image","twitter_misc":{"Gesch\u00e4tzte Lesezeit":"2 Minuten"},"schema":{"@context":"https:\/\/schema.org","@graph":[{"@type":"WebPage","@id":"https:\/\/neuro-ortho.at\/de\/our-services\/","url":"https:\/\/neuro-ortho.at\/de\/our-services\/","name":"Die Leistungen - NEURO ORTHO - Dr. Thomas Jazbec - Sportmedizinische Wahlarztpraxis f\u00fcr Orthop\u00e4die, Orthop\u00e4dische Chirurgie und Neurochirurgie","isPartOf":{"@id":"https:\/\/neuro-ortho.at\/de\/#website"},"datePublished":"2017-04-21T11:48:59+00:00","dateModified":"2025-09-15T19:41:58+00:00","breadcrumb":{"@id":"https:\/\/neuro-ortho.at\/de\/our-services\/#breadcrumb"},"inLanguage":"de-AT","potentialAction":[{"@type":"ReadAction","target":["https:\/\/neuro-ortho.at\/de\/our-services\/"]}]},{"@type":"BreadcrumbList","@id":"https:\/\/neuro-ortho.at\/de\/our-services\/#breadcrumb","itemListElement":[{"@type":"ListItem","position":1,"name":"Startseite","item":"https:\/\/neuro-ortho.at\/de\/"},{"@type":"ListItem","position":2,"name":"Die Leistungen"}]},{"@type":"WebSite","@id":"https:\/\/neuro-ortho.at\/de\/#website","url":"https:\/\/neuro-ortho.at\/de\/","name":"NEURO ORTHO - Dr. Thomas Jazbec - Sportmedizinische Wahlarztpraxis f\u00fcr Orthop\u00e4die, Orthop\u00e4dische Chirurgie und Neurochirurgie","description":"Dr. Jazbec Jazbec - Sportmedizinische Wahlarztpraxis f\u00fcr Orthop\u00e4die, Orthop\u00e4dische Chirurgie und Neurochirurgie  - ehem. Wahlarztpraxis Dr.med.univ Lotz Andreas","publisher":{"@id":"https:\/\/neuro-ortho.at\/de\/#organization"},"potentialAction":[{"@type":"SearchAction","target":{"@type":"EntryPoint","urlTemplate":"https:\/\/neuro-ortho.at\/de\/?s={search_term_string}"},"query-input":{"@type":"PropertyValueSpecification","valueRequired":true,"valueName":"search_term_string"}}],"inLanguage":"de-AT"},{"@type":"Organization","@id":"https:\/\/neuro-ortho.at\/de\/#organization","name":"NEURO ORTHO - Dr. Thomas Jazbec - Sportmedizinische Wahlarztpraxis f\u00fcr Orthop\u00e4die, Orthop\u00e4dische Chirurgie und Neurochirurgie","url":"https:\/\/neuro-ortho.at\/de\/","logo":{"@type":"ImageObject","inLanguage":"de-AT","@id":"https:\/\/neuro-ortho.at\/de\/#\/schema\/logo\/image\/","url":"https:\/\/neuro-ortho.at\/de\/wp-content\/uploads\/2020\/12\/neuro_ortho_logo_4c_500px.png","contentUrl":"https:\/\/neuro-ortho.at\/de\/wp-content\/uploads\/2020\/12\/neuro_ortho_logo_4c_500px.png","width":500,"height":123,"caption":"NEURO ORTHO - Dr. Thomas Jazbec - Sportmedizinische Wahlarztpraxis f\u00fcr Orthop\u00e4die, Orthop\u00e4dische Chirurgie und Neurochirurgie"},"image":{"@id":"https:\/\/neuro-ortho.at\/de\/#\/schema\/logo\/image\/"},"sameAs":["https:\/\/www.facebook.com\/neuro.ortho.at","https:\/\/www.instagram.com\/neuro.ortho\/"]}]}},"_links":{"self":[{"href":"https:\/\/neuro-ortho.at\/de\/wp-json\/wp\/v2\/pages\/6808","targetHints":{"allow":["GET"]}}],"collection":[{"href":"https:\/\/neuro-ortho.at\/de\/wp-json\/wp\/v2\/pages"}],"about":[{"href":"https:\/\/neuro-ortho.at\/de\/wp-json\/wp\/v2\/types\/page"}],"author":[{"embeddable":true,"href":"https:\/\/neuro-ortho.at\/de\/wp-json\/wp\/v2\/users\/1"}],"replies":[{"embeddable":true,"href":"https:\/\/neuro-ortho.at\/de\/wp-json\/wp\/v2\/comments?post=6808"}],"version-history":[{"count":78,"href":"https:\/\/neuro-ortho.at\/de\/wp-json\/wp\/v2\/pages\/6808\/revisions"}],"predecessor-version":[{"id":10544,"href":"https:\/\/neuro-ortho.at\/de\/wp-json\/wp\/v2\/pages\/6808\/revisions\/10544"}],"wp:attachment":[{"href":"https:\/\/neuro-ortho.at\/de\/wp-json\/wp\/v2\/media?parent=6808"}],"curies":[{"name":"wp","href":"https:\/\/api.w.org\/{rel}","templated":true}]}}