{"id":9913,"date":"2022-09-28T14:00:23","date_gmt":"2022-09-28T12:00:23","guid":{"rendered":"https:\/\/neuro-ortho.at\/de\/?page_id=9913"},"modified":"2025-04-07T08:36:40","modified_gmt":"2025-04-07T06:36:40","slug":"telemedizin","status":"publish","type":"page","link":"https:\/\/neuro-ortho.at\/de\/telemedizin\/","title":{"rendered":"Telemedizin"},"content":{"rendered":"\n<h2 class=\"wp-block-heading\">Telemedizin<\/h2>\n\n\n\n<div id=\"section-g04f154\" class=\"wp-block-gutentor-e0 section-g04f154 gutentor-element gutentor-element-advanced-text\"><div class=\"gutentor-text-wrap\"><p class=\"gutentor-text\"><br>Wir bieten Ihnen auch Diagnostik und Therapie auf telemedizinischer Basis an.<br>Um auf dem letzten Stand der Technik zu bleiben, f\u00fchren wir auch Konsultationen mit Video oder unterst\u00fctzt durch Fotos durch, sofern eine pers\u00f6nliche Visite nicht machbar ist.<br><br>Sollte es Ihnen aus gesundheitlichen Gr\u00fcnden nicht m\u00f6glich sein, die Ordination aufzusuchen, bieten wir auch Hausbesuche an, da es uns aus baulichen Gr\u00fcnden leider NICHT m\u00f6glich ist, BARRIEREFREI zu sein!<br><br><br><\/p><\/div><\/div>\n","protected":false},"excerpt":{"rendered":"<p>Telemedizin<\/p>\n","protected":false},"author":1,"featured_media":0,"parent":0,"menu_order":0,"comment_status":"closed","ping_status":"closed","template":"","meta":{"footnotes":""},"class_list":["post-9913","page","type-page","status-publish","hentry"],"yoast_head":"<!-- This site is optimized with the Yoast SEO plugin v25.7 - https:\/\/yoast.com\/wordpress\/plugins\/seo\/ -->\n<title>Telemedizin - NEURO ORTHO - Dr. Thomas Jazbec - Sportmedizinische Wahlarztpraxis f\u00fcr Orthop\u00e4die, Orthop\u00e4dische Chirurgie und Neurochirurgie<\/title>\n<meta name=\"robots\" content=\"index, follow, max-snippet:-1, max-image-preview:large, max-video-preview:-1\" \/>\n<link rel=\"canonical\" href=\"https:\/\/neuro-ortho.at\/de\/telemedizin\/\" \/>\n<meta property=\"og:locale\" content=\"de_DE\" \/>\n<meta property=\"og:type\" content=\"article\" \/>\n<meta property=\"og:title\" content=\"Telemedizin - NEURO ORTHO - Dr. Thomas Jazbec - Sportmedizinische Wahlarztpraxis f\u00fcr Orthop\u00e4die, Orthop\u00e4dische Chirurgie und Neurochirurgie\" \/>\n<meta property=\"og:description\" content=\"Telemedizin\" \/>\n<meta property=\"og:url\" content=\"https:\/\/neuro-ortho.at\/de\/telemedizin\/\" \/>\n<meta property=\"og:site_name\" content=\"NEURO ORTHO - Dr. Thomas Jazbec - Sportmedizinische Wahlarztpraxis f\u00fcr Orthop\u00e4die, Orthop\u00e4dische Chirurgie und Neurochirurgie\" \/>\n<meta property=\"article:publisher\" content=\"https:\/\/www.facebook.com\/neuro.ortho.at\" \/>\n<meta property=\"article:modified_time\" content=\"2025-04-07T06:36:40+00:00\" \/>\n<meta name=\"twitter:card\" content=\"summary_large_image\" \/>\n<meta name=\"twitter:label1\" content=\"Gesch\u00e4tzte Lesezeit\" \/>\n\t<meta name=\"twitter:data1\" content=\"1 Minute\" \/>\n<script type=\"application\/ld+json\" class=\"yoast-schema-graph\">{\"@context\":\"https:\/\/schema.org\",\"@graph\":[{\"@type\":\"WebPage\",\"@id\":\"https:\/\/neuro-ortho.at\/de\/telemedizin\/\",\"url\":\"https:\/\/neuro-ortho.at\/de\/telemedizin\/\",\"name\":\"Telemedizin - NEURO ORTHO - Dr. Thomas Jazbec - Sportmedizinische Wahlarztpraxis f\u00fcr Orthop\u00e4die, Orthop\u00e4dische Chirurgie und Neurochirurgie\",\"isPartOf\":{\"@id\":\"https:\/\/neuro-ortho.at\/de\/#website\"},\"datePublished\":\"2022-09-28T12:00:23+00:00\",\"dateModified\":\"2025-04-07T06:36:40+00:00\",\"breadcrumb\":{\"@id\":\"https:\/\/neuro-ortho.at\/de\/telemedizin\/#breadcrumb\"},\"inLanguage\":\"de-AT\",\"potentialAction\":[{\"@type\":\"ReadAction\",\"target\":[\"https:\/\/neuro-ortho.at\/de\/telemedizin\/\"]}]},{\"@type\":\"BreadcrumbList\",\"@id\":\"https:\/\/neuro-ortho.at\/de\/telemedizin\/#breadcrumb\",\"itemListElement\":[{\"@type\":\"ListItem\",\"position\":1,\"name\":\"Startseite\",\"item\":\"https:\/\/neuro-ortho.at\/de\/\"},{\"@type\":\"ListItem\",\"position\":2,\"name\":\"Telemedizin\"}]},{\"@type\":\"WebSite\",\"@id\":\"https:\/\/neuro-ortho.at\/de\/#website\",\"url\":\"https:\/\/neuro-ortho.at\/de\/\",\"name\":\"NEURO ORTHO - Dr. Thomas Jazbec - Sportmedizinische Wahlarztpraxis f\u00fcr Orthop\u00e4die, Orthop\u00e4dische Chirurgie und Neurochirurgie\",\"description\":\"Dr. Jazbec Jazbec - Sportmedizinische Wahlarztpraxis f\u00fcr Orthop\u00e4die, Orthop\u00e4dische Chirurgie und Neurochirurgie  - ehem. Wahlarztpraxis Dr.med.univ Lotz Andreas\",\"publisher\":{\"@id\":\"https:\/\/neuro-ortho.at\/de\/#organization\"},\"potentialAction\":[{\"@type\":\"SearchAction\",\"target\":{\"@type\":\"EntryPoint\",\"urlTemplate\":\"https:\/\/neuro-ortho.at\/de\/?s={search_term_string}\"},\"query-input\":{\"@type\":\"PropertyValueSpecification\",\"valueRequired\":true,\"valueName\":\"search_term_string\"}}],\"inLanguage\":\"de-AT\"},{\"@type\":\"Organization\",\"@id\":\"https:\/\/neuro-ortho.at\/de\/#organization\",\"name\":\"NEURO ORTHO - Dr. Thomas Jazbec - Sportmedizinische Wahlarztpraxis f\u00fcr Orthop\u00e4die, Orthop\u00e4dische Chirurgie und Neurochirurgie\",\"url\":\"https:\/\/neuro-ortho.at\/de\/\",\"logo\":{\"@type\":\"ImageObject\",\"inLanguage\":\"de-AT\",\"@id\":\"https:\/\/neuro-ortho.at\/de\/#\/schema\/logo\/image\/\",\"url\":\"https:\/\/neuro-ortho.at\/de\/wp-content\/uploads\/2020\/12\/neuro_ortho_logo_4c_500px.png\",\"contentUrl\":\"https:\/\/neuro-ortho.at\/de\/wp-content\/uploads\/2020\/12\/neuro_ortho_logo_4c_500px.png\",\"width\":500,\"height\":123,\"caption\":\"NEURO ORTHO - Dr. Thomas Jazbec - Sportmedizinische Wahlarztpraxis f\u00fcr Orthop\u00e4die, Orthop\u00e4dische Chirurgie und Neurochirurgie\"},\"image\":{\"@id\":\"https:\/\/neuro-ortho.at\/de\/#\/schema\/logo\/image\/\"},\"sameAs\":[\"https:\/\/www.facebook.com\/neuro.ortho.at\",\"https:\/\/www.instagram.com\/neuro.ortho\/\"]}]}<\/script>\n<!-- \/ Yoast SEO plugin. -->","yoast_head_json":{"title":"Telemedizin - NEURO ORTHO - Dr. Thomas Jazbec - Sportmedizinische Wahlarztpraxis f\u00fcr Orthop\u00e4die, Orthop\u00e4dische Chirurgie und Neurochirurgie","robots":{"index":"index","follow":"follow","max-snippet":"max-snippet:-1","max-image-preview":"max-image-preview:large","max-video-preview":"max-video-preview:-1"},"canonical":"https:\/\/neuro-ortho.at\/de\/telemedizin\/","og_locale":"de_DE","og_type":"article","og_title":"Telemedizin - NEURO ORTHO - Dr. Thomas Jazbec - Sportmedizinische Wahlarztpraxis f\u00fcr Orthop\u00e4die, Orthop\u00e4dische Chirurgie und Neurochirurgie","og_description":"Telemedizin","og_url":"https:\/\/neuro-ortho.at\/de\/telemedizin\/","og_site_name":"NEURO ORTHO - Dr. Thomas Jazbec - Sportmedizinische Wahlarztpraxis f\u00fcr Orthop\u00e4die, Orthop\u00e4dische Chirurgie und Neurochirurgie","article_publisher":"https:\/\/www.facebook.com\/neuro.ortho.at","article_modified_time":"2025-04-07T06:36:40+00:00","twitter_card":"summary_large_image","twitter_misc":{"Gesch\u00e4tzte Lesezeit":"1 Minute"},"schema":{"@context":"https:\/\/schema.org","@graph":[{"@type":"WebPage","@id":"https:\/\/neuro-ortho.at\/de\/telemedizin\/","url":"https:\/\/neuro-ortho.at\/de\/telemedizin\/","name":"Telemedizin - NEURO ORTHO - Dr. Thomas Jazbec - Sportmedizinische Wahlarztpraxis f\u00fcr Orthop\u00e4die, Orthop\u00e4dische Chirurgie und Neurochirurgie","isPartOf":{"@id":"https:\/\/neuro-ortho.at\/de\/#website"},"datePublished":"2022-09-28T12:00:23+00:00","dateModified":"2025-04-07T06:36:40+00:00","breadcrumb":{"@id":"https:\/\/neuro-ortho.at\/de\/telemedizin\/#breadcrumb"},"inLanguage":"de-AT","potentialAction":[{"@type":"ReadAction","target":["https:\/\/neuro-ortho.at\/de\/telemedizin\/"]}]},{"@type":"BreadcrumbList","@id":"https:\/\/neuro-ortho.at\/de\/telemedizin\/#breadcrumb","itemListElement":[{"@type":"ListItem","position":1,"name":"Startseite","item":"https:\/\/neuro-ortho.at\/de\/"},{"@type":"ListItem","position":2,"name":"Telemedizin"}]},{"@type":"WebSite","@id":"https:\/\/neuro-ortho.at\/de\/#website","url":"https:\/\/neuro-ortho.at\/de\/","name":"NEURO ORTHO - Dr. Thomas Jazbec - Sportmedizinische Wahlarztpraxis f\u00fcr Orthop\u00e4die, Orthop\u00e4dische Chirurgie und Neurochirurgie","description":"Dr. Jazbec Jazbec - Sportmedizinische Wahlarztpraxis f\u00fcr Orthop\u00e4die, Orthop\u00e4dische Chirurgie und Neurochirurgie  - ehem. Wahlarztpraxis Dr.med.univ Lotz Andreas","publisher":{"@id":"https:\/\/neuro-ortho.at\/de\/#organization"},"potentialAction":[{"@type":"SearchAction","target":{"@type":"EntryPoint","urlTemplate":"https:\/\/neuro-ortho.at\/de\/?s={search_term_string}"},"query-input":{"@type":"PropertyValueSpecification","valueRequired":true,"valueName":"search_term_string"}}],"inLanguage":"de-AT"},{"@type":"Organization","@id":"https:\/\/neuro-ortho.at\/de\/#organization","name":"NEURO ORTHO - Dr. Thomas Jazbec - Sportmedizinische Wahlarztpraxis f\u00fcr Orthop\u00e4die, Orthop\u00e4dische Chirurgie und Neurochirurgie","url":"https:\/\/neuro-ortho.at\/de\/","logo":{"@type":"ImageObject","inLanguage":"de-AT","@id":"https:\/\/neuro-ortho.at\/de\/#\/schema\/logo\/image\/","url":"https:\/\/neuro-ortho.at\/de\/wp-content\/uploads\/2020\/12\/neuro_ortho_logo_4c_500px.png","contentUrl":"https:\/\/neuro-ortho.at\/de\/wp-content\/uploads\/2020\/12\/neuro_ortho_logo_4c_500px.png","width":500,"height":123,"caption":"NEURO ORTHO - Dr. Thomas Jazbec - Sportmedizinische Wahlarztpraxis f\u00fcr Orthop\u00e4die, Orthop\u00e4dische Chirurgie und Neurochirurgie"},"image":{"@id":"https:\/\/neuro-ortho.at\/de\/#\/schema\/logo\/image\/"},"sameAs":["https:\/\/www.facebook.com\/neuro.ortho.at","https:\/\/www.instagram.com\/neuro.ortho\/"]}]}},"_links":{"self":[{"href":"https:\/\/neuro-ortho.at\/de\/wp-json\/wp\/v2\/pages\/9913","targetHints":{"allow":["GET"]}}],"collection":[{"href":"https:\/\/neuro-ortho.at\/de\/wp-json\/wp\/v2\/pages"}],"about":[{"href":"https:\/\/neuro-ortho.at\/de\/wp-json\/wp\/v2\/types\/page"}],"author":[{"embeddable":true,"href":"https:\/\/neuro-ortho.at\/de\/wp-json\/wp\/v2\/users\/1"}],"replies":[{"embeddable":true,"href":"https:\/\/neuro-ortho.at\/de\/wp-json\/wp\/v2\/comments?post=9913"}],"version-history":[{"count":9,"href":"https:\/\/neuro-ortho.at\/de\/wp-json\/wp\/v2\/pages\/9913\/revisions"}],"predecessor-version":[{"id":10440,"href":"https:\/\/neuro-ortho.at\/de\/wp-json\/wp\/v2\/pages\/9913\/revisions\/10440"}],"wp:attachment":[{"href":"https:\/\/neuro-ortho.at\/de\/wp-json\/wp\/v2\/media?parent=9913"}],"curies":[{"name":"wp","href":"https:\/\/api.w.org\/{rel}","templated":true}]}}